{"id":141,"date":"2021-06-04T06:28:39","date_gmt":"2021-06-03T23:28:39","guid":{"rendered":"http:\/\/dv15.mediawz.com\/?page_id=141"},"modified":"2026-04-08T13:06:53","modified_gmt":"2026-04-08T06:06:53","slug":"lien-he","status":"publish","type":"page","link":"https:\/\/gerahitech.vn\/en\/lien-he\/","title":{"rendered":"Contact"},"content":{"rendered":"<p><\/p>\n<h3><span style=\"font-size: 12pt;\">If you have any questions, feedback or suggestions, please fill out the form below and send it to us. Thank you very much!<\/span><\/h3>\n<p><\/p>","protected":false},"excerpt":{"rendered":"<p>If you have any questions, feedback or suggestions, please fill out the form below and send it to us. Thank &#8230;<\/p>\n","protected":false},"author":1,"featured_media":0,"parent":0,"menu_order":0,"comment_status":"closed","ping_status":"closed","template":"template\/page-contact.php","meta":{"inline_featured_image":false,"footnotes":""},"class_list":["post-141","page","type-page","status-publish","hentry"],"yoast_head":"<!-- This site is optimized with the Yoast SEO plugin v27.2 - https:\/\/yoast.com\/product\/yoast-seo-wordpress\/ -->\n<title>Li\u00ean h\u1ec7<\/title>\n<meta name=\"description\" content=\"Kh\u00e1ch h\u00e0ng li\u00ean h\u1ec7 v\u1edbi ch\u00fang t\u00f4i \u0111\u1ec3 c\u00f3 th\u1ec3 t\u01b0 v\u1ea5n tr\u1ef1c ti\u1ebfp cho b\u1ea1n v\u1ec1 s\u1ea3n ph\u1ea9m v\u00e0 d\u1ecbch v\u1ee5 b\u1ea1n quan t\u00e2m. Ch\u00fang t\u00f4i lu\u00f4n s\u1eb5n l\u00f2ng l\u1eafng nghe v\u00e0 h\u1ed7 tr\u1ee3.\" \/>\n<meta name=\"robots\" content=\"index, follow, max-snippet:-1, max-image-preview:large, max-video-preview:-1\" \/>\n<link rel=\"canonical\" href=\"https:\/\/gerahitech.vn\/lien-he\/\" \/>\n<meta property=\"og:locale\" content=\"en_US\" \/>\n<meta property=\"og:type\" content=\"article\" \/>\n<meta property=\"og:title\" content=\"Li\u00ean h\u1ec7\" \/>\n<meta property=\"og:description\" content=\"Kh\u00e1ch h\u00e0ng li\u00ean h\u1ec7 v\u1edbi ch\u00fang t\u00f4i \u0111\u1ec3 c\u00f3 th\u1ec3 t\u01b0 v\u1ea5n tr\u1ef1c ti\u1ebfp cho b\u1ea1n v\u1ec1 s\u1ea3n ph\u1ea9m v\u00e0 d\u1ecbch v\u1ee5 b\u1ea1n quan t\u00e2m. Ch\u00fang t\u00f4i lu\u00f4n s\u1eb5n l\u00f2ng l\u1eafng nghe v\u00e0 h\u1ed7 tr\u1ee3.\" \/>\n<meta property=\"og:url\" content=\"https:\/\/gerahitech.vn\/lien-he\/\" \/>\n<meta property=\"og:site_name\" content=\"GERA VIETNAM HI \u2013 TECH CO., LTD\" \/>\n<meta property=\"article:modified_time\" content=\"2026-04-08T06:06:53+00:00\" \/>\n<meta name=\"twitter:card\" content=\"summary_large_image\" \/>\n<meta name=\"twitter:label1\" content=\"Est. reading time\" \/>\n\t<meta name=\"twitter:data1\" content=\"1 minute\" \/>\n<script type=\"application\/ld+json\" class=\"yoast-schema-graph\">{\"@context\":\"https:\/\/schema.org\",\"@graph\":[{\"@type\":\"WebPage\",\"@id\":\"https:\/\/gerahitech.vn\/lien-he\/\",\"url\":\"https:\/\/gerahitech.vn\/lien-he\/\",\"name\":\"Li\u00ean h\u1ec7\",\"isPartOf\":{\"@id\":\"https:\/\/www.gerahitech.vn\/en\/#website\"},\"datePublished\":\"2021-06-03T23:28:39+00:00\",\"dateModified\":\"2026-04-08T06:06:53+00:00\",\"description\":\"Kh\u00e1ch h\u00e0ng li\u00ean h\u1ec7 v\u1edbi ch\u00fang t\u00f4i \u0111\u1ec3 c\u00f3 th\u1ec3 t\u01b0 v\u1ea5n tr\u1ef1c ti\u1ebfp cho b\u1ea1n v\u1ec1 s\u1ea3n ph\u1ea9m v\u00e0 d\u1ecbch v\u1ee5 b\u1ea1n quan t\u00e2m. Ch\u00fang t\u00f4i lu\u00f4n s\u1eb5n l\u00f2ng l\u1eafng nghe v\u00e0 h\u1ed7 tr\u1ee3.\",\"breadcrumb\":{\"@id\":\"https:\/\/gerahitech.vn\/lien-he\/#breadcrumb\"},\"inLanguage\":\"en-US\",\"potentialAction\":[{\"@type\":\"ReadAction\",\"target\":[\"https:\/\/gerahitech.vn\/lien-he\/\"]}]},{\"@type\":\"BreadcrumbList\",\"@id\":\"https:\/\/gerahitech.vn\/lien-he\/#breadcrumb\",\"itemListElement\":[{\"@type\":\"ListItem\",\"position\":1,\"name\":\"Trang ch\u1ee7\",\"item\":\"https:\/\/www.gerahitech.vn\/en\/\"},{\"@type\":\"ListItem\",\"position\":2,\"name\":\"Li\u00ean h\u1ec7\"}]},{\"@type\":\"WebSite\",\"@id\":\"https:\/\/www.gerahitech.vn\/en\/#website\",\"url\":\"https:\/\/www.gerahitech.vn\/en\/\",\"name\":\"C\u00d4NG TY TNHH C\u00d4NG NGH\u1ec6 CAO GERA VI\u1ec6T NAM\",\"description\":\"\",\"publisher\":{\"@id\":\"https:\/\/www.gerahitech.vn\/en\/#organization\"},\"potentialAction\":[{\"@type\":\"SearchAction\",\"target\":{\"@type\":\"EntryPoint\",\"urlTemplate\":\"https:\/\/www.gerahitech.vn\/en\/?s={search_term_string}\"},\"query-input\":{\"@type\":\"PropertyValueSpecification\",\"valueRequired\":true,\"valueName\":\"search_term_string\"}}],\"inLanguage\":\"en-US\"},{\"@type\":\"Organization\",\"@id\":\"https:\/\/www.gerahitech.vn\/en\/#organization\",\"name\":\"C\u00d4NG TY TNHH C\u00d4NG NGH\u1ec6 CAO GERA VI\u1ec6T NAM\",\"url\":\"https:\/\/www.gerahitech.vn\/en\/\",\"logo\":{\"@type\":\"ImageObject\",\"inLanguage\":\"en-US\",\"@id\":\"https:\/\/www.gerahitech.vn\/en\/#\/schema\/logo\/image\/\",\"url\":\"https:\/\/gerahitech.vn\/wp-content\/uploads\/2024\/03\/cropped-Logo-Gera_preview_rev_1.png\",\"contentUrl\":\"https:\/\/gerahitech.vn\/wp-content\/uploads\/2024\/03\/cropped-Logo-Gera_preview_rev_1.png\",\"width\":512,\"height\":512,\"caption\":\"C\u00d4NG TY TNHH C\u00d4NG NGH\u1ec6 CAO GERA VI\u1ec6T NAM\"},\"image\":{\"@id\":\"https:\/\/www.gerahitech.vn\/en\/#\/schema\/logo\/image\/\"}}]}<\/script>\n<!-- \/ Yoast SEO plugin. -->","yoast_head_json":{"title":"Li\u00ean h\u1ec7","description":"Kh\u00e1ch h\u00e0ng li\u00ean h\u1ec7 v\u1edbi ch\u00fang t\u00f4i \u0111\u1ec3 c\u00f3 th\u1ec3 t\u01b0 v\u1ea5n tr\u1ef1c ti\u1ebfp cho b\u1ea1n v\u1ec1 s\u1ea3n ph\u1ea9m v\u00e0 d\u1ecbch v\u1ee5 b\u1ea1n quan t\u00e2m. Ch\u00fang t\u00f4i lu\u00f4n s\u1eb5n l\u00f2ng l\u1eafng nghe v\u00e0 h\u1ed7 tr\u1ee3.","robots":{"index":"index","follow":"follow","max-snippet":"max-snippet:-1","max-image-preview":"max-image-preview:large","max-video-preview":"max-video-preview:-1"},"canonical":"https:\/\/gerahitech.vn\/lien-he\/","og_locale":"en_US","og_type":"article","og_title":"Li\u00ean h\u1ec7","og_description":"Kh\u00e1ch h\u00e0ng li\u00ean h\u1ec7 v\u1edbi ch\u00fang t\u00f4i \u0111\u1ec3 c\u00f3 th\u1ec3 t\u01b0 v\u1ea5n tr\u1ef1c ti\u1ebfp cho b\u1ea1n v\u1ec1 s\u1ea3n ph\u1ea9m v\u00e0 d\u1ecbch v\u1ee5 b\u1ea1n quan t\u00e2m. Ch\u00fang t\u00f4i lu\u00f4n s\u1eb5n l\u00f2ng l\u1eafng nghe v\u00e0 h\u1ed7 tr\u1ee3.","og_url":"https:\/\/gerahitech.vn\/lien-he\/","og_site_name":"GERA VIETNAM HI \u2013 TECH CO., LTD","article_modified_time":"2026-04-08T06:06:53+00:00","twitter_card":"summary_large_image","twitter_misc":{"Est. reading time":"1 minute"},"schema":{"@context":"https:\/\/schema.org","@graph":[{"@type":"WebPage","@id":"https:\/\/gerahitech.vn\/lien-he\/","url":"https:\/\/gerahitech.vn\/lien-he\/","name":"Li\u00ean h\u1ec7","isPartOf":{"@id":"https:\/\/www.gerahitech.vn\/en\/#website"},"datePublished":"2021-06-03T23:28:39+00:00","dateModified":"2026-04-08T06:06:53+00:00","description":"Kh\u00e1ch h\u00e0ng li\u00ean h\u1ec7 v\u1edbi ch\u00fang t\u00f4i \u0111\u1ec3 c\u00f3 th\u1ec3 t\u01b0 v\u1ea5n tr\u1ef1c ti\u1ebfp cho b\u1ea1n v\u1ec1 s\u1ea3n ph\u1ea9m v\u00e0 d\u1ecbch v\u1ee5 b\u1ea1n quan t\u00e2m. Ch\u00fang t\u00f4i lu\u00f4n s\u1eb5n l\u00f2ng l\u1eafng nghe v\u00e0 h\u1ed7 tr\u1ee3.","breadcrumb":{"@id":"https:\/\/gerahitech.vn\/lien-he\/#breadcrumb"},"inLanguage":"en-US","potentialAction":[{"@type":"ReadAction","target":["https:\/\/gerahitech.vn\/lien-he\/"]}]},{"@type":"BreadcrumbList","@id":"https:\/\/gerahitech.vn\/lien-he\/#breadcrumb","itemListElement":[{"@type":"ListItem","position":1,"name":"Trang ch\u1ee7","item":"https:\/\/www.gerahitech.vn\/en\/"},{"@type":"ListItem","position":2,"name":"Li\u00ean h\u1ec7"}]},{"@type":"WebSite","@id":"https:\/\/www.gerahitech.vn\/en\/#website","url":"https:\/\/www.gerahitech.vn\/en\/","name":"C\u00d4NG TY TNHH C\u00d4NG NGH\u1ec6 CAO GERA VI\u1ec6T NAM","description":"","publisher":{"@id":"https:\/\/www.gerahitech.vn\/en\/#organization"},"potentialAction":[{"@type":"SearchAction","target":{"@type":"EntryPoint","urlTemplate":"https:\/\/www.gerahitech.vn\/en\/?s={search_term_string}"},"query-input":{"@type":"PropertyValueSpecification","valueRequired":true,"valueName":"search_term_string"}}],"inLanguage":"en-US"},{"@type":"Organization","@id":"https:\/\/www.gerahitech.vn\/en\/#organization","name":"C\u00d4NG TY TNHH C\u00d4NG NGH\u1ec6 CAO GERA VI\u1ec6T NAM","url":"https:\/\/www.gerahitech.vn\/en\/","logo":{"@type":"ImageObject","inLanguage":"en-US","@id":"https:\/\/www.gerahitech.vn\/en\/#\/schema\/logo\/image\/","url":"https:\/\/gerahitech.vn\/wp-content\/uploads\/2024\/03\/cropped-Logo-Gera_preview_rev_1.png","contentUrl":"https:\/\/gerahitech.vn\/wp-content\/uploads\/2024\/03\/cropped-Logo-Gera_preview_rev_1.png","width":512,"height":512,"caption":"C\u00d4NG TY TNHH C\u00d4NG NGH\u1ec6 CAO GERA VI\u1ec6T NAM"},"image":{"@id":"https:\/\/www.gerahitech.vn\/en\/#\/schema\/logo\/image\/"}}]}},"_links":{"self":[{"href":"https:\/\/gerahitech.vn\/en\/wp-json\/wp\/v2\/pages\/141","targetHints":{"allow":["GET"]}}],"collection":[{"href":"https:\/\/gerahitech.vn\/en\/wp-json\/wp\/v2\/pages"}],"about":[{"href":"https:\/\/gerahitech.vn\/en\/wp-json\/wp\/v2\/types\/page"}],"author":[{"embeddable":true,"href":"https:\/\/gerahitech.vn\/en\/wp-json\/wp\/v2\/users\/1"}],"replies":[{"embeddable":true,"href":"https:\/\/gerahitech.vn\/en\/wp-json\/wp\/v2\/comments?post=141"}],"version-history":[{"count":37,"href":"https:\/\/gerahitech.vn\/en\/wp-json\/wp\/v2\/pages\/141\/revisions"}],"predecessor-version":[{"id":1931,"href":"https:\/\/gerahitech.vn\/en\/wp-json\/wp\/v2\/pages\/141\/revisions\/1931"}],"wp:attachment":[{"href":"https:\/\/gerahitech.vn\/en\/wp-json\/wp\/v2\/media?parent=141"}],"curies":[{"name":"wp","href":"https:\/\/api.w.org\/{rel}","templated":true}]}}